{"id":85,"date":"2017-05-31T14:00:24","date_gmt":"2017-05-31T14:00:24","guid":{"rendered":"http:\/\/www.racoesbompeso.com.br\/?page_id=85"},"modified":"2023-07-14T15:00:36","modified_gmt":"2023-07-14T15:00:36","slug":"inicio","status":"publish","type":"page","link":"https:\/\/www.racoesbompeso.com.br\/","title":{"rendered":"In\u00edcio"},"content":{"rendered":"<p>[et_pb_section transparent_background=&#8221;off&#8221; allow_player_pause=&#8221;off&#8221; inner_shadow=&#8221;off&#8221; parallax=&#8221;off&#8221; parallax_method=&#8221;off&#8221; padding_mobile=&#8221;off&#8221; make_fullwidth=&#8221;off&#8221; use_custom_width=&#8221;off&#8221; width_unit=&#8221;on&#8221; custom_width_px=&#8221;1080px&#8221; custom_width_percent=&#8221;80%&#8221; make_equal=&#8221;off&#8221; use_custom_gutter=&#8221;off&#8221; fullwidth=&#8221;on&#8221; specialty=&#8221;off&#8221; admin_label=&#8221;section&#8221; disabled=&#8221;off&#8221;][et_pb_fullwidth_slider show_arrows=&#8221;off&#8221; show_pagination=&#8221;off&#8221; auto=&#8221;off&#8221; auto_speed=&#8221;7000&#8243; auto_ignore_hover=&#8221;off&#8221; parallax=&#8221;off&#8221; parallax_method=&#8221;off&#8221; remove_inner_shadow=&#8221;on&#8221; background_position=&#8221;default&#8221; background_size=&#8221;default&#8221; hide_content_on_mobile=&#8221;off&#8221; hide_cta_on_mobile=&#8221;off&#8221; show_image_video_mobile=&#8221;off&#8221; admin_label=&#8221;Cabe\u00e7alho&#8221; custom_button=&#8221;off&#8221; button_text_size=&#8221;20&#8243; button_letter_spacing=&#8221;0&#8243; button_use_icon=&#8221;default&#8221; button_icon_placement=&#8221;right&#8221; button_on_hover=&#8221;on&#8221; button_letter_spacing_hover=&#8221;0&#8243; disabled=&#8221;off&#8221;][et_pb_slide heading=&#8221;Nutri\u00e7\u00e3o Animal LTDA.&#8221; button_text=&#8221;Saber mais&#8221; button_link=&#8221;http:\/\/www.racoesbompeso.com.br\/index.php\/nossa-empresa\/&#8221; background_image=&#8221;http:\/\/www.racoesbompeso.com.br\/wp-content\/uploads\/2017\/05\/banner_cabecalho_bom-peso_3.jpg&#8221; background_position=&#8221;default&#8221; background_size=&#8221;default&#8221; background_color=&#8221;#ffffff&#8221; image=&#8221;http:\/\/www.racoesbompeso.com.br\/wp-content\/uploads\/2017\/05\/icone_bp.png&#8221; use_bg_overlay=&#8221;on&#8221; bg_overlay_color=&#8221;rgba(0,0,0,0.5)&#8221; use_text_overlay=&#8221;off&#8221; alignment=&#8221;center&#8221; background_layout=&#8221;dark&#8221; video_bg_width=&#8221;1920&#8243; video_bg_height=&#8221;638&#8243; allow_player_pause=&#8221;off&#8221; text_border_radius=&#8221;3&#8243; header_font=&#8221;||||&#8221; body_font=&#8221;||||&#8221; custom_button=&#8221;off&#8221; button_font=&#8221;||||&#8221; button_use_icon=&#8221;default&#8221; button_icon_placement=&#8221;right&#8221; button_on_hover=&#8221;on&#8221; disabled=&#8221;off&#8221;]<\/p>\n<p>Suplementos minerais e ra\u00e7\u00f5es para bovinos de corte, bovinos de leite, ovinos e equinos.<\/p>\n<p>[\/et_pb_slide][\/et_pb_fullwidth_slider][\/et_pb_section][et_pb_section transparent_background=&#8221;off&#8221; allow_player_pause=&#8221;off&#8221; inner_shadow=&#8221;off&#8221; parallax=&#8221;off&#8221; parallax_method=&#8221;off&#8221; padding_mobile=&#8221;off&#8221; make_fullwidth=&#8221;off&#8221; use_custom_width=&#8221;off&#8221; width_unit=&#8221;on&#8221; custom_width_px=&#8221;1080px&#8221; custom_width_percent=&#8221;80%&#8221; make_equal=&#8221;off&#8221; use_custom_gutter=&#8221;off&#8221; fullwidth=&#8221;off&#8221; specialty=&#8221;off&#8221; admin_label=&#8221;section&#8221; custom_padding_last_edited=&#8221;off|desktop&#8221; disabled=&#8221;off&#8221;][et_pb_row make_fullwidth=&#8221;off&#8221; use_custom_width=&#8221;off&#8221; width_unit=&#8221;on&#8221; custom_width_px=&#8221;1080px&#8221; custom_width_percent=&#8221;80%&#8221; use_custom_gutter=&#8221;off&#8221; gutter_width=&#8221;3&#8243; custom_padding_phone=&#8221;30px||30px|&#8221; padding_mobile=&#8221;on&#8221; allow_player_pause=&#8221;off&#8221; parallax=&#8221;off&#8221; parallax_method=&#8221;off&#8221; make_equal=&#8221;off&#8221; column_padding_mobile=&#8221;on&#8221; parallax_1=&#8221;off&#8221; parallax_method_1=&#8221;off&#8221; parallax_2=&#8221;off&#8221; parallax_method_2=&#8221;off&#8221; parallax_3=&#8221;off&#8221; parallax_method_3=&#8221;off&#8221; parallax_4=&#8221;off&#8221; parallax_method_4=&#8221;on&#8221; admin_label=&#8221;row&#8221; custom_padding_last_edited=&#8221;on|desktop&#8221; disabled=&#8221;off&#8221;][et_pb_column type=&#8221;1_3&#8243; disabled=&#8221;off&#8221; parallax=&#8221;off&#8221; parallax_method=&#8221;off&#8221; column_padding_mobile=&#8221;on&#8221;][et_pb_blurb title=&#8221;Convencional&#8221; url_new_window=&#8221;off&#8221; use_icon=&#8221;on&#8221; font_icon=&#8221;%%114%%&#8221; icon_color=&#8221;#027251&#8243; use_circle=&#8221;off&#8221; circle_color=&#8221;#7c4dd5&#8243; use_circle_border=&#8221;off&#8221; circle_border_color=&#8221;#2caaca&#8221; icon_placement=&#8221;left&#8221; animation=&#8221;off&#8221; background_layout=&#8221;light&#8221; text_orientation=&#8221;left&#8221; use_icon_font_size=&#8221;off&#8221; icon_font_size=&#8221;96px&#8221; admin_label=&#8221;Blurb&#8221; use_border_color=&#8221;off&#8221; border_color=&#8221;#ffffff&#8221; border_width=&#8221;1px&#8221; border_style=&#8221;solid&#8221; custom_margin=&#8221;||130px|&#8221; disabled=&#8221;off&#8221;]<\/p>\n<p>Suplementos minerais classificados de acordo com os tipos de pastagens e fases da cria\u00e7\u00e3o (cria, recria ou engorda).<\/p>\n<p>[\/et_pb_blurb][et_pb_blurb title=&#8221;Proteico\/Energ\u00e9tico&#8221; url_new_window=&#8221;off&#8221; use_icon=&#8221;on&#8221; font_icon=&#8221;%%114%%&#8221; icon_color=&#8221;#027251&#8243; use_circle=&#8221;off&#8221; circle_color=&#8221;#7c4dd5&#8243; use_circle_border=&#8221;off&#8221; circle_border_color=&#8221;#2caaca&#8221; icon_placement=&#8221;left&#8221; animation=&#8221;off&#8221; background_layout=&#8221;light&#8221; text_orientation=&#8221;left&#8221; use_icon_font_size=&#8221;off&#8221; icon_font_size=&#8221;96px&#8221; admin_label=&#8221;Blurb&#8221; use_border_color=&#8221;off&#8221; border_color=&#8221;#ffffff&#8221; border_width=&#8221;1px&#8221; border_style=&#8221;solid&#8221; custom_margin=&#8221;|||&#8221; custom_padding=&#8221;||5|&#8221; disabled=&#8221;off&#8221;]<\/p>\n<p>Suplementos minerais proteicos\/energ\u00e9ticos, com altos n\u00edveis de prote\u00edna e energia, produzidos com farelos de alto valor biol\u00f3gico, contendo ureia pecu\u00e1ria e aditivo de r\u00famen.<\/p>\n<p>[\/et_pb_blurb][et_pb_blurb title=&#8221;Ra\u00e7\u00e3o 1,5% a 2,5%&#8221; url_new_window=&#8221;off&#8221; use_icon=&#8221;on&#8221; font_icon=&#8221;%%114%%&#8221; icon_color=&#8221;#027251&#8243; use_circle=&#8221;off&#8221; circle_color=&#8221;#7c4dd5&#8243; use_circle_border=&#8221;off&#8221; circle_border_color=&#8221;#2caaca&#8221; icon_placement=&#8221;left&#8221; animation=&#8221;off&#8221; background_layout=&#8221;light&#8221; text_orientation=&#8221;left&#8221; use_icon_font_size=&#8221;off&#8221; icon_font_size=&#8221;96px&#8221; admin_label=&#8221;Blurb&#8221; use_border_color=&#8221;off&#8221; border_color=&#8221;#ffffff&#8221; border_width=&#8221;1px&#8221; border_style=&#8221;solid&#8221; disabled=&#8221;off&#8221;]<\/p>\n<p>Ra\u00e7\u00f5es balanceadas e mineralizadas para engorda de animais em confinamento, confinamento de dieta total e semi-confinamento, contendo aditivo de rumem e tamponantes.<\/p>\n<p>[\/et_pb_blurb][et_pb_blurb title=&#8221;Ovinos&#8221; url_new_window=&#8221;off&#8221; use_icon=&#8221;on&#8221; font_icon=&#8221;%%114%%&#8221; icon_color=&#8221;#027251&#8243; use_circle=&#8221;off&#8221; circle_color=&#8221;#7c4dd5&#8243; use_circle_border=&#8221;off&#8221; circle_border_color=&#8221;#2caaca&#8221; icon_placement=&#8221;left&#8221; animation=&#8221;off&#8221; background_layout=&#8221;light&#8221; text_orientation=&#8221;left&#8221; use_icon_font_size=&#8221;off&#8221; icon_font_size=&#8221;96px&#8221; admin_label=&#8221;Blurb&#8221; use_border_color=&#8221;off&#8221; border_color=&#8221;#ffffff&#8221; border_width=&#8221;1px&#8221; border_style=&#8221;solid&#8221; disabled=&#8221;off&#8221;]<\/p>\n<p>Ra\u00e7\u00f5es balanceadas e mineralizadas para ovinos de todas as idades.<\/p>\n<p>[\/et_pb_blurb][\/et_pb_column][et_pb_column type=&#8221;1_3&#8243; disabled=&#8221;off&#8221; parallax=&#8221;off&#8221; parallax_method=&#8221;off&#8221; column_padding_mobile=&#8221;on&#8221;][et_pb_blurb title=&#8221;Rumen Pr\u00f3&#8221; url_new_window=&#8221;off&#8221; use_icon=&#8221;on&#8221; font_icon=&#8221;%%114%%&#8221; icon_color=&#8221;#027251&#8243; use_circle=&#8221;off&#8221; circle_color=&#8221;#7c4dd5&#8243; use_circle_border=&#8221;off&#8221; circle_border_color=&#8221;#2caaca&#8221; icon_placement=&#8221;left&#8221; animation=&#8221;off&#8221; background_layout=&#8221;light&#8221; text_orientation=&#8221;left&#8221; use_icon_font_size=&#8221;off&#8221; icon_font_size=&#8221;96px&#8221; admin_label=&#8221;Blurb&#8221; use_border_color=&#8221;off&#8221; border_color=&#8221;#ffffff&#8221; border_width=&#8221;1px&#8221; border_style=&#8221;solid&#8221; custom_margin=&#8221;||77px|&#8221; disabled=&#8221;off&#8221;]<\/p>\n<p>Suplementos minerais, adensados e proteicos, produzidos com farelos de alto valor biol\u00f3gico, contendo levedura viva, ureia pecu\u00e1ria, ureia protegida e aditivo de r\u00famen.<\/p>\n<p>[\/et_pb_blurb][et_pb_blurb title=&#8221;Ra\u00e7\u00e3o 1%&#8221; url_new_window=&#8221;off&#8221; use_icon=&#8221;on&#8221; font_icon=&#8221;%%114%%&#8221; icon_color=&#8221;#027251&#8243; use_circle=&#8221;off&#8221; circle_color=&#8221;#7c4dd5&#8243; use_circle_border=&#8221;off&#8221; circle_border_color=&#8221;#2caaca&#8221; icon_placement=&#8221;left&#8221; animation=&#8221;off&#8221; background_layout=&#8221;light&#8221; text_orientation=&#8221;left&#8221; use_icon_font_size=&#8221;off&#8221; icon_font_size=&#8221;96px&#8221; admin_label=&#8221;Blurb&#8221; use_border_color=&#8221;off&#8221; border_color=&#8221;#ffffff&#8221; border_width=&#8221;1px&#8221; border_style=&#8221;solid&#8221; custom_margin=&#8221;||63px|&#8221; disabled=&#8221;off&#8221;]<\/p>\n<p>Ra\u00e7\u00f5es balanceadas e mineralizadas para animais de cria, recria e engorda em confinamento e semi-confinamento contendo aditivo de r\u00famen.<\/p>\n<p>[\/et_pb_blurb][et_pb_blurb title=&#8221;Concentrados 15%&#8221; url_new_window=&#8221;off&#8221; use_icon=&#8221;on&#8221; font_icon=&#8221;%%114%%&#8221; icon_color=&#8221;#027251&#8243; use_circle=&#8221;off&#8221; circle_color=&#8221;#7c4dd5&#8243; use_circle_border=&#8221;off&#8221; circle_border_color=&#8221;#2caaca&#8221; icon_placement=&#8221;left&#8221; animation=&#8221;off&#8221; background_layout=&#8221;light&#8221; text_orientation=&#8221;left&#8221; use_icon_font_size=&#8221;off&#8221; icon_font_size=&#8221;96px&#8221; admin_label=&#8221;Blurb&#8221; use_border_color=&#8221;off&#8221; border_color=&#8221;#ffffff&#8221; border_width=&#8221;1px&#8221; border_style=&#8221;solid&#8221; disabled=&#8221;off&#8221;]<\/p>\n<p>Concentrados para mistura com o milho em gr\u00e3os ou milho mo\u00eddo, utilizados para engorda de animais em confinamento, confinamento de dieta total e semi-confinamento, contendo aditivo de rumem e tamponantes.<\/p>\n<p>[\/et_pb_blurb][\/et_pb_column][et_pb_column type=&#8221;1_3&#8243; disabled=&#8221;off&#8221; parallax=&#8221;off&#8221; parallax_method=&#8221;off&#8221; column_padding_mobile=&#8221;on&#8221;][et_pb_blurb title=&#8221;Cria LG&#8221; url_new_window=&#8221;off&#8221; use_icon=&#8221;on&#8221; font_icon=&#8221;%%114%%&#8221; icon_color=&#8221;#027251&#8243; use_circle=&#8221;off&#8221; circle_color=&#8221;#7c4dd5&#8243; use_circle_border=&#8221;off&#8221; circle_border_color=&#8221;#2caaca&#8221; icon_placement=&#8221;left&#8221; animation=&#8221;off&#8221; background_layout=&#8221;light&#8221; text_orientation=&#8221;left&#8221; use_icon_font_size=&#8221;off&#8221; icon_font_size=&#8221;96px&#8221; admin_label=&#8221;Blurb&#8221; use_border_color=&#8221;off&#8221; border_color=&#8221;#ffffff&#8221; border_width=&#8221;1px&#8221; border_style=&#8221;solid&#8221; disabled=&#8221;off&#8221;]<\/p>\n<p>Suplementos minerais, adensados e proteicos\/energ\u00e9ticos, produzidos com farelos de alto valor biol\u00f3gico, contendo levedura viva, minerais org\u00c3\u00a2nicos, ureia pecu\u00e1ria, ureia protegida, aditivo de R\u00famen\u00c2\u00a0e promotor de crescimento natural (ACTiGEN).<\/p>\n<p>[\/et_pb_blurb][et_pb_blurb title=&#8221;Leite&#8221; url_new_window=&#8221;off&#8221; use_icon=&#8221;on&#8221; font_icon=&#8221;%%114%%&#8221; icon_color=&#8221;#027251&#8243; use_circle=&#8221;off&#8221; circle_color=&#8221;#7c4dd5&#8243; use_circle_border=&#8221;off&#8221; circle_border_color=&#8221;#2caaca&#8221; icon_placement=&#8221;left&#8221; animation=&#8221;off&#8221; background_layout=&#8221;light&#8221; text_orientation=&#8221;left&#8221; use_icon_font_size=&#8221;off&#8221; icon_font_size=&#8221;96px&#8221; admin_label=&#8221;Blurb&#8221; use_border_color=&#8221;off&#8221; border_color=&#8221;#ffffff&#8221; border_width=&#8221;1px&#8221; border_style=&#8221;solid&#8221; custom_margin=&#8221;||60px|&#8221; disabled=&#8221;off&#8221;]<\/p>\n<p>Suplementos minerais e ra\u00e7\u00f5es, com altos n\u00edveis de prote\u00edna e energia, produzidos com farelos de alto valor biol\u00f3gico, indicados para bovinos de leite.<\/p>\n<p>[\/et_pb_blurb][et_pb_blurb title=&#8221;Equinos&#8221; url_new_window=&#8221;off&#8221; use_icon=&#8221;on&#8221; font_icon=&#8221;%%114%%&#8221; icon_color=&#8221;#027251&#8243; use_circle=&#8221;off&#8221; circle_color=&#8221;#7c4dd5&#8243; use_circle_border=&#8221;off&#8221; circle_border_color=&#8221;#2caaca&#8221; icon_placement=&#8221;left&#8221; animation=&#8221;off&#8221; background_layout=&#8221;light&#8221; text_orientation=&#8221;left&#8221; use_icon_font_size=&#8221;off&#8221; icon_font_size=&#8221;96px&#8221; admin_label=&#8221;Blurb&#8221; use_border_color=&#8221;off&#8221; border_color=&#8221;#ffffff&#8221; border_width=&#8221;1px&#8221; border_style=&#8221;solid&#8221; disabled=&#8221;off&#8221;]<\/p>\n<p>Ra\u00e7\u00f5es balanceadas e mineralizadas para equinos e muares de todas as idades.<\/p>\n<p>[\/et_pb_blurb][\/et_pb_column][\/et_pb_row][\/et_pb_section][et_pb_section background_image=&#8221;http:\/\/www.racoesbompeso.com.br\/wp-content\/uploads\/2017\/05\/bp-empresa-fabrica-bg.png&#8221; transparent_background=&#8221;off&#8221; allow_player_pause=&#8221;off&#8221; inner_shadow=&#8221;off&#8221; parallax=&#8221;on&#8221; parallax_method=&#8221;off&#8221; padding_mobile=&#8221;off&#8221; make_fullwidth=&#8221;off&#8221; use_custom_width=&#8221;off&#8221; width_unit=&#8221;on&#8221; custom_width_px=&#8221;1080px&#8221; custom_width_percent=&#8221;80%&#8221; make_equal=&#8221;off&#8221; use_custom_gutter=&#8221;off&#8221; fullwidth=&#8221;off&#8221; specialty=&#8221;off&#8221; admin_label=&#8221;Se\u00e7\u00e3o&#8221; disabled=&#8221;off&#8221;][et_pb_row make_fullwidth=&#8221;off&#8221; use_custom_width=&#8221;off&#8221; width_unit=&#8221;off&#8221; custom_width_px=&#8221;1080px&#8221; custom_width_percent=&#8221;80%&#8221; use_custom_gutter=&#8221;off&#8221; gutter_width=&#8221;3&#8243; custom_padding_phone=&#8221;30px||30|&#8221; padding_mobile=&#8221;on&#8221; allow_player_pause=&#8221;off&#8221; parallax=&#8221;off&#8221; parallax_method=&#8221;on&#8221; make_equal=&#8221;off&#8221; column_padding_mobile=&#8221;on&#8221; parallax_1=&#8221;off&#8221; parallax_method_1=&#8221;on&#8221; parallax_2=&#8221;off&#8221; parallax_method_2=&#8221;on&#8221; parallax_3=&#8221;off&#8221; parallax_method_3=&#8221;on&#8221; parallax_4=&#8221;off&#8221; parallax_method_4=&#8221;on&#8221; admin_label=&#8221;row&#8221; custom_padding_last_edited=&#8221;on|phone&#8221; disabled=&#8221;off&#8221;][et_pb_column type=&#8221;4_4&#8243; disabled=&#8221;off&#8221; parallax=&#8221;off&#8221; parallax_method=&#8221;on&#8221; column_padding_mobile=&#8221;on&#8221;][et_pb_cta button_url=&#8221;http:\/\/www.racoesbompeso.com.br\/index.php\/nossa-empresa\/&#8221; url_new_window=&#8221;off&#8221; button_text=&#8221;Saiba mais&#8221; use_background_color=&#8221;off&#8221; background_color=&#8221;#7ebec5&#8243; background_layout=&#8221;dark&#8221; text_orientation=&#8221;center&#8221; admin_label=&#8221;Saiba mais&#8221; use_border_color=&#8221;off&#8221; border_color=&#8221;#ffffff&#8221; border_width=&#8221;1px&#8221; border_style=&#8221;solid&#8221; custom_button=&#8221;off&#8221; button_text_size=&#8221;20&#8243; button_letter_spacing=&#8221;0&#8243; button_use_icon=&#8221;default&#8221; button_icon_placement=&#8221;right&#8221; button_on_hover=&#8221;on&#8221; button_letter_spacing_hover=&#8221;0&#8243; disabled=&#8221;off&#8221;]<\/p>\n<h1>Um pouco sobre a Bom Peso.<\/h1>\n<p>Nossa empresa surgiu a partir de conhecimentos pr&aacute;ticos aliados &aacute;s novas t&eacute;cnicas para suplementa&ccedil;&atilde;o de bovinos, equinos e ovinos. Tendo como objetivo atender melhor nossos clientes, formulamos produtos de acordo com suas respectivas necessidades.<\/p>\n<p>[\/et_pb_cta][\/et_pb_column][\/et_pb_row][\/et_pb_section][et_pb_section transparent_background=&#8221;off&#8221; allow_player_pause=&#8221;off&#8221; inner_shadow=&#8221;off&#8221; parallax=&#8221;off&#8221; parallax_method=&#8221;on&#8221; padding_mobile=&#8221;off&#8221; make_fullwidth=&#8221;off&#8221; use_custom_width=&#8221;off&#8221; width_unit=&#8221;off&#8221; custom_width_px=&#8221;1080px&#8221; custom_width_percent=&#8221;80%&#8221; make_equal=&#8221;off&#8221; use_custom_gutter=&#8221;off&#8221; fullwidth=&#8221;off&#8221; specialty=&#8221;off&#8221; admin_label=&#8221;Se\u00e7\u00e3o&#8221; disabled=&#8221;off&#8221;][et_pb_row make_fullwidth=&#8221;off&#8221; use_custom_width=&#8221;on&#8221; width_unit=&#8221;on&#8221; custom_width_px=&#8221;1035px&#8221; custom_width_percent=&#8221;80%&#8221; use_custom_gutter=&#8221;off&#8221; gutter_width=&#8221;3&#8243; custom_padding_phone=&#8221;30px||30px|&#8221; padding_mobile=&#8221;on&#8221; allow_player_pause=&#8221;off&#8221; parallax=&#8221;off&#8221; parallax_method=&#8221;off&#8221; make_equal=&#8221;off&#8221; column_padding_mobile=&#8221;on&#8221; parallax_1=&#8221;off&#8221; parallax_method_1=&#8221;off&#8221; parallax_2=&#8221;off&#8221; parallax_method_2=&#8221;on&#8221; parallax_3=&#8221;off&#8221; parallax_method_3=&#8221;on&#8221; parallax_4=&#8221;off&#8221; parallax_method_4=&#8221;on&#8221; admin_label=&#8221;Linhas&#8221; custom_padding_last_edited=&#8221;on|phone&#8221; disabled=&#8221;off&#8221;][et_pb_column type=&#8221;4_4&#8243; disabled=&#8221;off&#8221; parallax=&#8221;off&#8221; parallax_method=&#8221;off&#8221; column_padding_mobile=&#8221;on&#8221;][et_pb_filterable_portfolio fullwidth=&#8221;off&#8221; posts_number=&#8221;8&#8243; show_title=&#8221;on&#8221; show_categories=&#8221;on&#8221; show_pagination=&#8221;on&#8221; background_layout=&#8221;light&#8221; hover_icon=&#8221;%%47%%&#8221; hover_overlay_color=&#8221;rgba(255,255,255,0.57)&#8221; admin_label=&#8221;Portf\u00f3lio&#8221; use_border_color=&#8221;off&#8221; border_color=&#8221;#777777&#8243; border_width=&#8221;1px&#8221; border_style=&#8221;solid&#8221; disabled=&#8221;off&#8221;]<\/p>\n<p>[\/et_pb_filterable_portfolio][et_pb_text background_layout=&#8221;light&#8221; text_orientation=&#8221;left&#8221; admin_label=&#8221;Texto&#8221; use_border_color=&#8221;off&#8221; border_style=&#8221;solid&#8221; disabled=&#8221;off&#8221;]<\/p>\n<p>[\/et_pb_text][\/et_pb_column][\/et_pb_row][\/et_pb_section][et_pb_section transparent_background=&#8221;off&#8221; background_color=&#8221;rgba(0,0,0,0.09)&#8221; allow_player_pause=&#8221;off&#8221; inner_shadow=&#8221;off&#8221; parallax=&#8221;off&#8221; parallax_method=&#8221;off&#8221; padding_mobile=&#8221;off&#8221; make_fullwidth=&#8221;off&#8221; use_custom_width=&#8221;off&#8221; width_unit=&#8221;on&#8221; custom_width_px=&#8221;1080px&#8221; custom_width_percent=&#8221;80%&#8221; make_equal=&#8221;off&#8221; use_custom_gutter=&#8221;off&#8221; fullwidth=&#8221;off&#8221; specialty=&#8221;off&#8221; admin_label=&#8221;Se\u00e7\u00e3o&#8221; disabled=&#8221;off&#8221;][et_pb_row make_fullwidth=&#8221;off&#8221; use_custom_width=&#8221;off&#8221; width_unit=&#8221;on&#8221; custom_width_px=&#8221;1080px&#8221; custom_width_percent=&#8221;80%&#8221; use_custom_gutter=&#8221;off&#8221; gutter_width=&#8221;3&#8243; custom_padding_phone=&#8221;30px|||&#8221; padding_mobile=&#8221;on&#8221; allow_player_pause=&#8221;off&#8221; parallax=&#8221;off&#8221; parallax_method=&#8221;off&#8221; make_equal=&#8221;off&#8221; column_padding_mobile=&#8221;on&#8221; parallax_1=&#8221;off&#8221; parallax_method_1=&#8221;off&#8221; parallax_2=&#8221;off&#8221; parallax_method_2=&#8221;on&#8221; parallax_3=&#8221;off&#8221; parallax_method_3=&#8221;on&#8221; parallax_4=&#8221;off&#8221; parallax_method_4=&#8221;on&#8221; admin_label=&#8221;Linha&#8221; custom_padding_last_edited=&#8221;on|phone&#8221; disabled=&#8221;off&#8221;][et_pb_column type=&#8221;4_4&#8243; disabled=&#8221;off&#8221; parallax=&#8221;off&#8221; parallax_method=&#8221;off&#8221; column_padding_mobile=&#8221;on&#8221;][et_pb_contact_form captcha=&#8221;off&#8221; email=&#8221;maiaralucia.bompeso@hotmail.com&#8221; title=&#8221;Entre em contato:&#8221; use_redirect=&#8221;off&#8221; success_message=&#8221;Sua mensagem foi enviada com sucesso.&#8221; input_border_radius=&#8221;0&#8243; admin_label=&#8221;Formul\u00e1rio de Contato&#8221; module_id=&#8221;et_pb_contact_form_0&#8243; use_border_color=&#8221;off&#8221; border_color=&#8221;#ffffff&#8221; border_width=&#8221;1px&#8221; border_style=&#8221;solid&#8221; custom_button=&#8221;off&#8221; button_text_size=&#8221;20&#8243; button_letter_spacing=&#8221;0&#8243; button_use_icon=&#8221;default&#8221; button_icon_placement=&#8221;right&#8221; button_on_hover=&#8221;on&#8221; button_letter_spacing_hover=&#8221;0&#8243; disabled=&#8221;off&#8221;][et_pb_contact_field field_id=&#8221;nome&#8221; field_title=&#8221;Nome&#8221; field_type=&#8221;input&#8221; required_mark=&#8221;on&#8221; fullwidth_field=&#8221;on&#8221; input_border_radius=&#8221;0&#8243; form_field_font=&#8221;||||&#8221; use_border_color=&#8221;off&#8221; border_style=&#8221;solid&#8221; disabled=&#8221;off&#8221;][\/et_pb_contact_field][et_pb_contact_field field_id=&#8221;email&#8221; field_title=&#8221;E-mail&#8221; field_type=&#8221;email&#8221; required_mark=&#8221;on&#8221; fullwidth_field=&#8221;off&#8221; input_border_radius=&#8221;0&#8243; form_field_font=&#8221;||||&#8221; use_border_color=&#8221;off&#8221; border_style=&#8221;solid&#8221; disabled=&#8221;off&#8221;][\/et_pb_contact_field][et_pb_contact_field field_id=&#8221;telefone&#8221; field_title=&#8221;Telefone&#8221; field_type=&#8221;input&#8221; required_mark=&#8221;on&#8221; fullwidth_field=&#8221;off&#8221; input_border_radius=&#8221;0&#8243; form_field_font=&#8221;||||&#8221; use_border_color=&#8221;off&#8221; border_style=&#8221;solid&#8221; disabled=&#8221;off&#8221;][\/et_pb_contact_field][et_pb_contact_field field_id=&#8221;mensagem&#8221; field_title=&#8221;Mensagem&#8221; field_type=&#8221;text&#8221; required_mark=&#8221;on&#8221; fullwidth_field=&#8221;on&#8221; input_border_radius=&#8221;0&#8243; form_field_font=&#8221;||||&#8221; use_border_color=&#8221;off&#8221; border_style=&#8221;solid&#8221; disabled=&#8221;off&#8221;][\/et_pb_contact_field][\/et_pb_contact_form][\/et_pb_column][\/et_pb_row][\/et_pb_section]<\/p>\n","protected":false},"excerpt":{"rendered":"<p>[et_pb_section transparent_background=&#8221;off&#8221; allow_player_pause=&#8221;off&#8221; inner_shadow=&#8221;off&#8221; parallax=&#8221;off&#8221; parallax_method=&#8221;off&#8221; padding_mobile=&#8221;off&#8221; make_fullwidth=&#8221;off&#8221; use_custom_width=&#8221;off&#8221; width_unit=&#8221;on&#8221; custom_width_px=&#8221;1080px&#8221; custom_width_percent=&#8221;80%&#8221; make_equal=&#8221;off&#8221; use_custom_gutter=&#8221;off&#8221; fullwidth=&#8221;on&#8221; specialty=&#8221;off&#8221; admin_label=&#8221;section&#8221; disabled=&#8221;off&#8221;][et_pb_fullwidth_slider show_arrows=&#8221;off&#8221; show_pagination=&#8221;off&#8221; auto=&#8221;off&#8221; auto_speed=&#8221;7000&#8243; auto_ignore_hover=&#8221;off&#8221; parallax=&#8221;off&#8221; parallax_method=&#8221;off&#8221; remove_inner_shadow=&#8221;on&#8221; background_position=&#8221;default&#8221; background_size=&#8221;default&#8221; hide_content_on_mobile=&#8221;off&#8221; hide_cta_on_mobile=&#8221;off&#8221; show_image_video_mobile=&#8221;off&#8221; admin_label=&#8221;Cabe\u00e7alho&#8221; custom_button=&#8221;off&#8221; button_text_size=&#8221;20&#8243; button_letter_spacing=&#8221;0&#8243; button_use_icon=&#8221;default&#8221; button_icon_placement=&#8221;right&#8221; button_on_hover=&#8221;on&#8221; button_letter_spacing_hover=&#8221;0&#8243; disabled=&#8221;off&#8221;][et_pb_slide heading=&#8221;Nutri\u00e7\u00e3o Animal LTDA.&#8221; button_text=&#8221;Saber mais&#8221; button_link=&#8221;http:\/\/www.racoesbompeso.com.br\/index.php\/nossa-empresa\/&#8221; background_image=&#8221;http:\/\/www.racoesbompeso.com.br\/wp-content\/uploads\/2017\/05\/banner_cabecalho_bom-peso_3.jpg&#8221; background_position=&#8221;default&#8221; background_size=&#8221;default&#8221; background_color=&#8221;#ffffff&#8221; image=&#8221;http:\/\/www.racoesbompeso.com.br\/wp-content\/uploads\/2017\/05\/icone_bp.png&#8221; use_bg_overlay=&#8221;on&#8221; bg_overlay_color=&#8221;rgba(0,0,0,0.5)&#8221; use_text_overlay=&#8221;off&#8221; alignment=&#8221;center&#8221; [&hellip;]<\/p>\n","protected":false},"author":1,"featured_media":0,"parent":0,"menu_order":0,"comment_status":"closed","ping_status":"closed","template":"","meta":{"footnotes":""},"class_list":["post-85","page","type-page","status-publish","hentry"],"_links":{"self":[{"href":"https:\/\/www.racoesbompeso.com.br\/index.php\/wp-json\/wp\/v2\/pages\/85"}],"collection":[{"href":"https:\/\/www.racoesbompeso.com.br\/index.php\/wp-json\/wp\/v2\/pages"}],"about":[{"href":"https:\/\/www.racoesbompeso.com.br\/index.php\/wp-json\/wp\/v2\/types\/page"}],"author":[{"embeddable":true,"href":"https:\/\/www.racoesbompeso.com.br\/index.php\/wp-json\/wp\/v2\/users\/1"}],"replies":[{"embeddable":true,"href":"https:\/\/www.racoesbompeso.com.br\/index.php\/wp-json\/wp\/v2\/comments?post=85"}],"version-history":[{"count":66,"href":"https:\/\/www.racoesbompeso.com.br\/index.php\/wp-json\/wp\/v2\/pages\/85\/revisions"}],"predecessor-version":[{"id":5774,"href":"https:\/\/www.racoesbompeso.com.br\/index.php\/wp-json\/wp\/v2\/pages\/85\/revisions\/5774"}],"wp:attachment":[{"href":"https:\/\/www.racoesbompeso.com.br\/index.php\/wp-json\/wp\/v2\/media?parent=85"}],"curies":[{"name":"wp","href":"https:\/\/api.w.org\/{rel}","templated":true}]}}