{"id":619,"date":"2017-06-07T17:32:30","date_gmt":"2017-06-07T17:32:30","guid":{"rendered":"http:\/\/www.racoesbompeso.com.br\/?page_id=619"},"modified":"2023-07-14T12:52:46","modified_gmt":"2023-07-14T12:52:46","slug":"vendedores","status":"publish","type":"page","link":"https:\/\/www.racoesbompeso.com.br\/index.php\/vendedores\/","title":{"rendered":"Vendedores"},"content":{"rendered":"<p>[et_pb_section background_image=&#8221;http:\/\/www.racoesbompeso.com.br\/wp-content\/uploads\/2017\/05\/bp-empresa-fabrica-bg.png&#8221; transparent_background=&#8221;off&#8221; background_color=&#8221;#1f68ac&#8221; allow_player_pause=&#8221;off&#8221; inner_shadow=&#8221;off&#8221; parallax=&#8221;off&#8221; parallax_method=&#8221;off&#8221; custom_padding=&#8221;73px|0px|0px|0px&#8221; custom_padding_phone=&#8221;0px||0px|&#8221; padding_mobile=&#8221;off&#8221; make_fullwidth=&#8221;off&#8221; use_custom_width=&#8221;off&#8221; width_unit=&#8221;on&#8221; custom_width_px=&#8221;1080px&#8221; custom_width_percent=&#8221;80%&#8221; make_equal=&#8221;off&#8221; use_custom_gutter=&#8221;off&#8221; fullwidth=&#8221;off&#8221; specialty=&#8221;off&#8221; admin_label=&#8221;Se\u00e7\u00e3o&#8221; custom_padding_last_edited=&#8221;on|phone&#8221; disabled=&#8221;off&#8221;][et_pb_row make_fullwidth=&#8221;off&#8221; use_custom_width=&#8221;off&#8221; width_unit=&#8221;off&#8221; custom_width_px=&#8221;1080px&#8221; custom_width_percent=&#8221;80%&#8221; use_custom_gutter=&#8221;off&#8221; gutter_width=&#8221;3&#8243; custom_padding=&#8221;28px|0px|80px|0px&#8221; custom_padding_phone=&#8221;50px||50px|&#8221; padding_mobile=&#8221;off&#8221; allow_player_pause=&#8221;off&#8221; parallax=&#8221;off&#8221; parallax_method=&#8221;on&#8221; make_equal=&#8221;off&#8221; column_padding_mobile=&#8221;on&#8221; parallax_1=&#8221;off&#8221; parallax_method_1=&#8221;on&#8221; parallax_2=&#8221;off&#8221; parallax_method_2=&#8221;on&#8221; parallax_3=&#8221;off&#8221; parallax_method_3=&#8221;on&#8221; parallax_4=&#8221;off&#8221; parallax_method_4=&#8221;on&#8221; admin_label=&#8221;Linha&#8221; custom_padding_last_edited=&#8221;on|phone&#8221; disabled=&#8221;off&#8221;][et_pb_column type=&#8221;4_4&#8243; disabled=&#8221;off&#8221; parallax=&#8221;off&#8221; parallax_method=&#8221;on&#8221; column_padding_mobile=&#8221;on&#8221;][et_pb_text background_layout=&#8221;dark&#8221; text_orientation=&#8221;left&#8221; admin_label=&#8221;Texto&#8221; use_border_color=&#8221;off&#8221; border_style=&#8221;solid&#8221; disabled=&#8221;off&#8221;]<\/p>\n<h2 style=\"text-align: center;\">Vendedores e Promotores de Vendas<\/h2>\n<p style=\"text-align: center;\">Saiba onde encontrar nossos vendedores e promotores de vendas.<\/p>\n<p>[\/et_pb_text][\/et_pb_column][\/et_pb_row][\/et_pb_section][et_pb_section transparent_background=&#8221;off&#8221; allow_player_pause=&#8221;off&#8221; inner_shadow=&#8221;off&#8221; parallax=&#8221;off&#8221; parallax_method=&#8221;off&#8221; custom_padding=&#8221;8px|0px|0px|0px&#8221; padding_mobile=&#8221;off&#8221; make_fullwidth=&#8221;off&#8221; use_custom_width=&#8221;off&#8221; width_unit=&#8221;on&#8221; custom_width_px=&#8221;1080px&#8221; custom_width_percent=&#8221;80%&#8221; make_equal=&#8221;off&#8221; use_custom_gutter=&#8221;off&#8221; fullwidth=&#8221;off&#8221; specialty=&#8221;off&#8221; admin_label=&#8221;section&#8221; disabled=&#8221;off&#8221;][et_pb_row make_fullwidth=&#8221;off&#8221; use_custom_width=&#8221;off&#8221; width_unit=&#8221;on&#8221; custom_width_px=&#8221;1080px&#8221; custom_width_percent=&#8221;80%&#8221; use_custom_gutter=&#8221;off&#8221; gutter_width=&#8221;3&#8243; custom_padding=&#8221;45px||0px|&#8221; custom_padding_phone=&#8221;30px||0px|&#8221; padding_mobile=&#8221;on&#8221; allow_player_pause=&#8221;off&#8221; parallax=&#8221;off&#8221; parallax_method=&#8221;off&#8221; make_equal=&#8221;off&#8221; column_padding_mobile=&#8221;on&#8221; parallax_1=&#8221;off&#8221; parallax_method_1=&#8221;off&#8221; parallax_2=&#8221;off&#8221; parallax_method_2=&#8221;on&#8221; parallax_3=&#8221;off&#8221; parallax_method_3=&#8221;on&#8221; parallax_4=&#8221;off&#8221; parallax_method_4=&#8221;on&#8221; admin_label=&#8221;Linha&#8221; custom_padding_last_edited=&#8221;on|phone&#8221; disabled=&#8221;off&#8221;][et_pb_column type=&#8221;4_4&#8243; disabled=&#8221;off&#8221; parallax=&#8221;off&#8221; parallax_method=&#8221;off&#8221; column_padding_mobile=&#8221;on&#8221;][et_pb_text background_layout=&#8221;light&#8221; text_orientation=&#8221;left&#8221; admin_label=&#8221;Texto&#8221; use_border_color=&#8221;off&#8221; border_style=&#8221;solid&#8221; disabled=&#8221;off&#8221;]<\/p>\n<h3>Vendedores:<\/h3>\n<p>[\/et_pb_text][\/et_pb_column][\/et_pb_row][et_pb_row make_fullwidth=&#8221;off&#8221; use_custom_width=&#8221;off&#8221; width_unit=&#8221;off&#8221; custom_width_px=&#8221;1080px&#8221; custom_width_percent=&#8221;80%&#8221; use_custom_gutter=&#8221;off&#8221; gutter_width=&#8221;3&#8243; custom_padding=&#8221;36px|0px|0px|0px&#8221; custom_padding_phone=&#8221;0px||0px|&#8221; padding_mobile=&#8221;on&#8221; allow_player_pause=&#8221;off&#8221; parallax=&#8221;off&#8221; parallax_method=&#8221;on&#8221; make_equal=&#8221;off&#8221; column_padding_mobile=&#8221;on&#8221; parallax_1=&#8221;off&#8221; parallax_method_1=&#8221;on&#8221; parallax_2=&#8221;off&#8221; parallax_method_2=&#8221;on&#8221; parallax_3=&#8221;off&#8221; parallax_method_3=&#8221;on&#8221; parallax_4=&#8221;off&#8221; parallax_method_4=&#8221;on&#8221; admin_label=&#8221;row&#8221; custom_padding_last_edited=&#8221;on|phone&#8221; disabled=&#8221;off&#8221;][et_pb_column type=&#8221;1_3&#8243; disabled=&#8221;off&#8221; parallax=&#8221;off&#8221; parallax_method=&#8221;on&#8221; column_padding_mobile=&#8221;on&#8221;][et_pb_team_member name=&#8221;Dem\u00e9trio Pantarotto&#8221; position=&#8221;Vendedor&#8221; animation=&#8221;fade_in&#8221; background_layout=&#8221;light&#8221; admin_label=&#8221;Representante&#8221; header_font=&#8221;|on|||&#8221; use_border_color=&#8221;off&#8221; border_color=&#8221;#ffffff&#8221; border_width=&#8221;1px&#8221; border_style=&#8221;solid&#8221; disabled=&#8221;off&#8221;]<\/p>\n<p>Bataguass&uacute;&nbsp;<span style=\"color: #000099; font-family: arial, verdana, helvetica, sans-serif; font-size: medium; letter-spacing: 3px; text-align: center;\">&ndash;<\/span><span style=\"font-size: 14px;\">&nbsp;MS | Presidente Prudente &#8211; SP <\/span><b style=\"font-size: 14px;\">(67) 99256-6345 | (18) 99601-4880<\/b><\/p>\n<p>[\/et_pb_team_member][et_pb_team_member name=&#8221;Henrique Marcomini&#8221; position=&#8221;Vendedor&#8221; animation=&#8221;fade_in&#8221; background_layout=&#8221;light&#8221; admin_label=&#8221;Representante&#8221; header_font=&#8221;|on|||&#8221; use_border_color=&#8221;off&#8221; border_color=&#8221;#ffffff&#8221; border_width=&#8221;1px&#8221; border_style=&#8221;solid&#8221; disabled=&#8221;off&#8221;]<\/p>\n<p>Presidente Prudente &#8211; SP | Anauril&acirc;ndia&nbsp;<span style=\"color: #000099; font-family: arial, verdana, helvetica, sans-serif; font-size: medium; letter-spacing: 3px; text-align: center;\">&ndash;<\/span>&nbsp;MS <strong>(18) 99679-9713 | (67) 99261-0598<\/strong><\/p>\n<p>[\/et_pb_team_member][et_pb_team_member name=&#8221;Jorge Morita&#8221; position=&#8221;Vendedor&#8221; animation=&#8221;fade_in&#8221; background_layout=&#8221;light&#8221; admin_label=&#8221;Representante&#8221; header_font=&#8221;|on|||&#8221; use_border_color=&#8221;off&#8221; border_color=&#8221;#ffffff&#8221; border_width=&#8221;1px&#8221; border_style=&#8221;solid&#8221; disabled=&#8221;off&#8221;]<\/p>\n<p>Pirapozinho&nbsp;<span style=\"color: #000099; font-family: arial, verdana, helvetica, sans-serif; font-size: medium; letter-spacing: 3px; text-align: center;\">&ndash;<\/span>&nbsp;SP <strong>(18) 99128-8864<\/strong><\/p>\n<p>[\/et_pb_team_member][\/et_pb_column][et_pb_column type=&#8221;1_3&#8243; disabled=&#8221;off&#8221; parallax=&#8221;off&#8221; parallax_method=&#8221;on&#8221; column_padding_mobile=&#8221;on&#8221;][et_pb_team_member name=&#8221;Let\u00ed\u00adcia Daleffe Pereira&#8221; position=&#8221;Vendedora&#8221; animation=&#8221;fade_in&#8221; background_layout=&#8221;light&#8221; admin_label=&#8221;Representante&#8221; header_font=&#8221;|on|||&#8221; use_border_color=&#8221;off&#8221; border_color=&#8221;#ffffff&#8221; border_width=&#8221;1px&#8221; border_style=&#8221;solid&#8221; disabled=&#8221;off&#8221;]<\/p>\n<p>Pirapozinho &#8211; SP | Presidente Prudente &#8211; SP <strong>(18) 99128-8377 | (18) 99751-1247<\/strong><\/p>\n<p>[\/et_pb_team_member][et_pb_team_member name=&#8221;Orfeu Junior&#8221; position=&#8221;Vendedor&#8221; animation=&#8221;fade_in&#8221; background_layout=&#8221;light&#8221; admin_label=&#8221;Representante&#8221; header_font=&#8221;|on|||&#8221; use_border_color=&#8221;off&#8221; border_color=&#8221;#ffffff&#8221; border_width=&#8221;1px&#8221; border_style=&#8221;solid&#8221; disabled=&#8221;off&#8221;]<\/p>\n<p>Bataypor\u00e3 \u2013 MS\u00a0<strong>(67) 99616-2424<\/strong><\/p>\n<p>[\/et_pb_team_member][et_pb_team_member name=&#8221;Thiago Lopes&#8221; position=&#8221;Vendedor&#8221; animation=&#8221;fade_in&#8221; background_layout=&#8221;light&#8221; admin_label=&#8221;Representante&#8221; header_font=&#8221;|on|||&#8221; use_border_color=&#8221;off&#8221; border_color=&#8221;#ffffff&#8221; border_width=&#8221;1px&#8221; border_style=&#8221;solid&#8221; disabled=&#8221;off&#8221;]<\/p>\n<p>Anauril&acirc;ndia&nbsp;<span style=\"color: #000099; font-family: arial, verdana, helvetica, sans-serif; font-size: medium; letter-spacing: 3px; text-align: center;\">&ndash;<\/span>&nbsp;MS | Pirapozinho&nbsp;<span style=\"background-color: #ffffff; color: #000099; font-family: arial, verdana, helvetica, sans-serif; font-size: medium; letter-spacing: 3px; text-align: center;\">&ndash;<\/span><span style=\"font-size: 14px;\">&nbsp;SP <\/span><strong style=\"font-size: 14px;\">(67) 99256-4230 | (18) 99772-0780<\/strong><\/p>\n<p>[\/et_pb_team_member][\/et_pb_column][et_pb_column type=&#8221;1_3&#8243; disabled=&#8221;off&#8221; parallax=&#8221;off&#8221; parallax_method=&#8221;on&#8221; column_padding_mobile=&#8221;on&#8221;][et_pb_team_member name=&#8221;Walter Fernandes&#8221; position=&#8221;Vendedor&#8221; animation=&#8221;fade_in&#8221; background_layout=&#8221;light&#8221; admin_label=&#8221;Representante&#8221; header_font=&#8221;|on|||&#8221; use_border_color=&#8221;off&#8221; border_color=&#8221;#ffffff&#8221; border_width=&#8221;1px&#8221; border_style=&#8221;solid&#8221; disabled=&#8221;off&#8221;]<\/p>\n<p>Nova Andradina&nbsp;<span style=\"color: #000099; font-family: arial, verdana, helvetica, sans-serif; font-size: medium; letter-spacing: 3px; text-align: center;\">&ndash;&nbsp;<\/span>MS <strong>(67) 99261-1013 | (67) 99964-7121<\/strong><\/p>\n<p>[\/et_pb_team_member][\/et_pb_column][\/et_pb_row][\/et_pb_section][et_pb_section transparent_background=&#8221;off&#8221; allow_player_pause=&#8221;off&#8221; inner_shadow=&#8221;off&#8221; parallax=&#8221;off&#8221; parallax_method=&#8221;off&#8221; custom_padding=&#8221;32px||52px|&#8221; padding_mobile=&#8221;off&#8221; make_fullwidth=&#8221;off&#8221; use_custom_width=&#8221;off&#8221; width_unit=&#8221;on&#8221; custom_width_px=&#8221;1080px&#8221; custom_width_percent=&#8221;80%&#8221; make_equal=&#8221;off&#8221; use_custom_gutter=&#8221;off&#8221; fullwidth=&#8221;off&#8221; specialty=&#8221;off&#8221; admin_label=&#8221;Se\u00e7\u00e3o&#8221; disabled=&#8221;off&#8221;][et_pb_row make_fullwidth=&#8221;off&#8221; use_custom_width=&#8221;off&#8221; width_unit=&#8221;on&#8221; custom_width_px=&#8221;1080px&#8221; custom_width_percent=&#8221;80%&#8221; use_custom_gutter=&#8221;off&#8221; gutter_width=&#8221;3&#8243; custom_padding=&#8221;40px||10px|&#8221; custom_padding_tablet=&#8221;||0px|&#8221; custom_padding_phone=&#8221;0px||0px|&#8221; padding_mobile=&#8221;off&#8221; allow_player_pause=&#8221;off&#8221; parallax=&#8221;off&#8221; parallax_method=&#8221;off&#8221; make_equal=&#8221;off&#8221; column_padding_mobile=&#8221;on&#8221; parallax_1=&#8221;off&#8221; parallax_method_1=&#8221;off&#8221; parallax_2=&#8221;off&#8221; parallax_method_2=&#8221;on&#8221; parallax_3=&#8221;off&#8221; parallax_method_3=&#8221;on&#8221; parallax_4=&#8221;off&#8221; parallax_method_4=&#8221;on&#8221; admin_label=&#8221;Linha&#8221; custom_padding_last_edited=&#8221;on|phone&#8221; disabled=&#8221;off&#8221;][et_pb_column type=&#8221;4_4&#8243; disabled=&#8221;off&#8221; parallax=&#8221;off&#8221; parallax_method=&#8221;off&#8221; column_padding_mobile=&#8221;on&#8221;][et_pb_text background_layout=&#8221;light&#8221; text_orientation=&#8221;left&#8221; admin_label=&#8221;Texto&#8221; use_border_color=&#8221;off&#8221; border_style=&#8221;solid&#8221; disabled=&#8221;off&#8221;]<\/p>\n<h3>Representantes<\/h3>\n<p>[\/et_pb_text][\/et_pb_column][\/et_pb_row][et_pb_row make_fullwidth=&#8221;off&#8221; use_custom_width=&#8221;off&#8221; width_unit=&#8221;on&#8221; custom_width_px=&#8221;1080px&#8221; custom_width_percent=&#8221;80%&#8221; use_custom_gutter=&#8221;off&#8221; gutter_width=&#8221;3&#8243; custom_padding=&#8221;0px|0px|0px|0px&#8221; custom_padding_phone=&#8221;0px||30px|&#8221; padding_mobile=&#8221;off&#8221; allow_player_pause=&#8221;off&#8221; parallax=&#8221;off&#8221; parallax_method=&#8221;off&#8221; make_equal=&#8221;off&#8221; column_padding_mobile=&#8221;on&#8221; parallax_1=&#8221;off&#8221; parallax_method_1=&#8221;off&#8221; parallax_2=&#8221;off&#8221; parallax_method_2=&#8221;off&#8221; parallax_3=&#8221;off&#8221; parallax_method_3=&#8221;off&#8221; parallax_4=&#8221;off&#8221; parallax_method_4=&#8221;on&#8221; admin_label=&#8221;Linha&#8221; custom_padding_last_edited=&#8221;on|phone&#8221; disabled=&#8221;off&#8221;][et_pb_column type=&#8221;1_3&#8243; disabled=&#8221;off&#8221; parallax=&#8221;off&#8221; parallax_method=&#8221;off&#8221; column_padding_mobile=&#8221;on&#8221;][et_pb_team_member name=&#8221;Aguinaldo Galv\u00e3o&#8221; position=&#8221;Promotor de Vendas&#8221; animation=&#8221;fade_in&#8221; background_layout=&#8221;light&#8221; admin_label=&#8221;Representante&#8221; header_font=&#8221;|on|||&#8221; use_border_color=&#8221;off&#8221; border_color=&#8221;#ffffff&#8221; border_width=&#8221;1px&#8221; border_style=&#8221;solid&#8221; disabled=&#8221;off&#8221;]<\/p>\n<p>Adamantina&nbsp;<span style=\"background-color: #ffffff; color: #000099; font-family: arial, verdana, helvetica, sans-serif; font-size: medium; letter-spacing: 3px; text-align: center;\">&ndash;<\/span><span style=\"font-size: 14px;\">&nbsp;SP <\/span><strong style=\"font-size: 14px;\">(18) 99705-2473<\/strong><\/p>\n<p>[\/et_pb_team_member][et_pb_team_member name=&#8221;Andr\u00e9 Fonseca&#8221; position=&#8221;Promotor de Vendas&#8221; animation=&#8221;fade_in&#8221; background_layout=&#8221;light&#8221; admin_label=&#8221;Representante&#8221; header_font=&#8221;|on|||&#8221; use_border_color=&#8221;off&#8221; border_color=&#8221;#ffffff&#8221; border_width=&#8221;1px&#8221; border_style=&#8221;solid&#8221; disabled=&#8221;off&#8221;]<\/p>\n<p>Querencia do Norte &#8211; PR<br \/>\n<strong>(44) 99181-4275<\/strong><\/p>\n<p>[\/et_pb_team_member][\/et_pb_column][et_pb_column type=&#8221;1_3&#8243; disabled=&#8221;off&#8221; parallax=&#8221;off&#8221; parallax_method=&#8221;off&#8221; column_padding_mobile=&#8221;on&#8221;][et_pb_team_member name=&#8221;Celso Ferraz&#8221; position=&#8221;Promotor de Vendas&#8221; animation=&#8221;fade_in&#8221; background_layout=&#8221;light&#8221; admin_label=&#8221;Representante&#8221; header_font=&#8221;|on|||&#8221; use_border_color=&#8221;off&#8221; border_color=&#8221;#ffffff&#8221; border_width=&#8221;1px&#8221; border_style=&#8221;solid&#8221; disabled=&#8221;off&#8221;]<\/p>\n<p>Nova Alvorada do Sul &#8211; MS<br \/>\n<strong>(67) 99828-3050<\/strong><\/p>\n<p>[\/et_pb_team_member][et_pb_team_member name=&#8221;Larisse B. Temporim&#8221; position=&#8221;Promotora de Vendas &#8211; CLINVET&#8221; animation=&#8221;fade_in&#8221; background_layout=&#8221;light&#8221; admin_label=&#8221;Representante&#8221; header_font=&#8221;|on|||&#8221; use_border_color=&#8221;off&#8221; border_color=&#8221;#ffffff&#8221; border_width=&#8221;1px&#8221; border_style=&#8221;solid&#8221; disabled=&#8221;off&#8221;]<\/p>\n<p>Brasil\u00c3\u00a2ndia &#8211; MS<br \/>\n<strong>(67) 99939-7241<\/strong><\/p>\n<p>[\/et_pb_team_member][\/et_pb_column][et_pb_column type=&#8221;1_3&#8243; disabled=&#8221;off&#8221; parallax=&#8221;off&#8221; parallax_method=&#8221;off&#8221; column_padding_mobile=&#8221;on&#8221;][\/et_pb_column][\/et_pb_row][\/et_pb_section][et_pb_section transparent_background=&#8221;off&#8221; allow_player_pause=&#8221;off&#8221; inner_shadow=&#8221;off&#8221; parallax=&#8221;off&#8221; parallax_method=&#8221;on&#8221; padding_mobile=&#8221;off&#8221; make_fullwidth=&#8221;off&#8221; use_custom_width=&#8221;off&#8221; width_unit=&#8221;off&#8221; custom_width_px=&#8221;1080px&#8221; custom_width_percent=&#8221;80%&#8221; make_equal=&#8221;off&#8221; use_custom_gutter=&#8221;off&#8221; fullwidth=&#8221;on&#8221; specialty=&#8221;off&#8221; admin_label=&#8221;Se\u00e7\u00e3o&#8221; disabled=&#8221;off&#8221;][et_pb_fullwidth_map address=&#8221;Rio Paran\u00e1, Teodoro Sampaio &#8211; SP, Brasil&#8221; zoom_level=&#8221;9&#8243; address_lat=&#8221;-21.6661841628&#8243; address_lng=&#8221;-52.7478453019&#8243; mouse_wheel=&#8221;on&#8221; mobile_dragging=&#8221;on&#8221; admin_label=&#8221;Mapa de Largura Completa&#8221; disabled=&#8221;off&#8221;][et_pb_map_pin title=&#8221;Bataguass\u00fa \u00e2\u20ac\u201c MS&#8221; pin_address=&#8221;Bataguassu, MS, Brasil&#8221; pin_address_lat=&#8221;-21.7204699&#8243; pin_address_lng=&#8221;-52.4296731&#8243; disabled=&#8221;off&#8221;]<\/p>\n<p>[\/et_pb_map_pin][et_pb_map_pin title=&#8221;Pirapozinho \u00e2\u20ac\u201c SP&#8221; pin_address=&#8221;Pirapozinho, SP, Brasil&#8221; pin_address_lat=&#8221;-22.2756953&#8243; pin_address_lng=&#8221;-51.500231799999995&#8243; disabled=&#8221;off&#8221;]<\/p>\n<p>[\/et_pb_map_pin][et_pb_map_pin title=&#8221;Bataypor\u00e3 \u00e2\u20ac\u201c SP&#8221; pin_address=&#8221;Bataypor\u00e3, MS, Brasil&#8221; pin_address_lat=&#8221;-22.2951897&#8243; pin_address_lng=&#8221;-53.271540800000025&#8243; disabled=&#8221;off&#8221;]<\/p>\n<p>[\/et_pb_map_pin][et_pb_map_pin title=&#8221;Anauril\u00c3\u00a2ndia \u00e2\u20ac\u201c MS&#8221; pin_address=&#8221;Anauril\u00c3\u00a2ndia &#8211; MS, Brasil&#8221; pin_address_lat=&#8221;-22.1552335&#8243; pin_address_lng=&#8221;-52.788417100000004&#8243; disabled=&#8221;off&#8221;]<\/p>\n<p>[\/et_pb_map_pin][et_pb_map_pin title=&#8221;Nova Andradina \u00e2\u20ac\u201c MS&#8221; pin_address=&#8221;Nova Andradina &#8211; MS, Brasil&#8221; pin_address_lat=&#8221;-22.2385546&#8243; pin_address_lng=&#8221;-53.34425429999999&#8243; disabled=&#8221;off&#8221;]<\/p>\n<p>[\/et_pb_map_pin][et_pb_map_pin title=&#8221;Presidente Prudente \u00e2\u20ac\u201c SP&#8221; pin_address=&#8221;Pres. Prudente &#8211; SP, Brasil&#8221; pin_address_lat=&#8221;-22.121114&#8243; pin_address_lng=&#8221;-51.3930254&#8243; disabled=&#8221;off&#8221;]<\/p>\n<p>[\/et_pb_map_pin][et_pb_map_pin title=&#8221;Quer\u00cancia do Norte &#8211; PR&#8221; pin_address=&#8221;Quer\u00cancia do Norte &#8211; PR, Brasil&#8221; pin_address_lat=&#8221;-23.0840659&#8243; pin_address_lng=&#8221;-53.4843358&#8243; disabled=&#8221;off&#8221;]<\/p>\n<p>[\/et_pb_map_pin][et_pb_map_pin title=&#8221;Nova Alvorada do Sul &#8211; MS&#8221; pin_address=&#8221;Nova Alvorada do Sul, MS, 79140-000, Brasil&#8221; pin_address_lat=&#8221;-21.4600327&#8243; pin_address_lng=&#8221;-54.380577&#8243; disabled=&#8221;off&#8221;]<\/p>\n<p>[\/et_pb_map_pin][et_pb_map_pin title=&#8221;Brasil\u00c3\u00a2ndia &#8211; MS&#8221; pin_address=&#8221;Brasil\u00c3\u00a2ndia, MS, 79670-000, Brasil&#8221; pin_address_lat=&#8221;-21.255537&#8243; pin_address_lng=&#8221;-52.0364942&#8243; disabled=&#8221;off&#8221;]<\/p>\n<p>[\/et_pb_map_pin][et_pb_map_pin title=&#8221;Adamantina &#8211; SP&#8221; pin_address=&#8221;Adamantina, SP, 17800-000, Brasil&#8221; pin_address_lat=&#8221;-21.6824831&#8243; pin_address_lng=&#8221;-51.0741711&#8243; disabled=&#8221;off&#8221;]<\/p>\n<p>[\/et_pb_map_pin][\/et_pb_fullwidth_map][\/et_pb_section]<\/p>\n","protected":false},"excerpt":{"rendered":"<p>[et_pb_section background_image=&#8221;http:\/\/www.racoesbompeso.com.br\/wp-content\/uploads\/2017\/05\/bp-empresa-fabrica-bg.png&#8221; transparent_background=&#8221;off&#8221; background_color=&#8221;#1f68ac&#8221; allow_player_pause=&#8221;off&#8221; inner_shadow=&#8221;off&#8221; parallax=&#8221;off&#8221; parallax_method=&#8221;off&#8221; custom_padding=&#8221;73px|0px|0px|0px&#8221; custom_padding_phone=&#8221;0px||0px|&#8221; padding_mobile=&#8221;off&#8221; make_fullwidth=&#8221;off&#8221; use_custom_width=&#8221;off&#8221; width_unit=&#8221;on&#8221; custom_width_px=&#8221;1080px&#8221; custom_width_percent=&#8221;80%&#8221; make_equal=&#8221;off&#8221; use_custom_gutter=&#8221;off&#8221; fullwidth=&#8221;off&#8221; specialty=&#8221;off&#8221; admin_label=&#8221;Se\u00e7\u00e3o&#8221; custom_padding_last_edited=&#8221;on|phone&#8221; disabled=&#8221;off&#8221;][et_pb_row make_fullwidth=&#8221;off&#8221; use_custom_width=&#8221;off&#8221; width_unit=&#8221;off&#8221; custom_width_px=&#8221;1080px&#8221; custom_width_percent=&#8221;80%&#8221; use_custom_gutter=&#8221;off&#8221; gutter_width=&#8221;3&#8243; custom_padding=&#8221;28px|0px|80px|0px&#8221; custom_padding_phone=&#8221;50px||50px|&#8221; padding_mobile=&#8221;off&#8221; allow_player_pause=&#8221;off&#8221; parallax=&#8221;off&#8221; parallax_method=&#8221;on&#8221; make_equal=&#8221;off&#8221; column_padding_mobile=&#8221;on&#8221; parallax_1=&#8221;off&#8221; parallax_method_1=&#8221;on&#8221; parallax_2=&#8221;off&#8221; parallax_method_2=&#8221;on&#8221; parallax_3=&#8221;off&#8221; parallax_method_3=&#8221;on&#8221; parallax_4=&#8221;off&#8221; parallax_method_4=&#8221;on&#8221; admin_label=&#8221;Linha&#8221; custom_padding_last_edited=&#8221;on|phone&#8221; disabled=&#8221;off&#8221;][et_pb_column type=&#8221;4_4&#8243; disabled=&#8221;off&#8221; parallax=&#8221;off&#8221; parallax_method=&#8221;on&#8221; column_padding_mobile=&#8221;on&#8221;][et_pb_text background_layout=&#8221;dark&#8221; [&hellip;]<\/p>\n","protected":false},"author":1,"featured_media":0,"parent":0,"menu_order":0,"comment_status":"closed","ping_status":"closed","template":"","meta":{"footnotes":""},"class_list":["post-619","page","type-page","status-publish","hentry"],"_links":{"self":[{"href":"https:\/\/www.racoesbompeso.com.br\/index.php\/wp-json\/wp\/v2\/pages\/619"}],"collection":[{"href":"https:\/\/www.racoesbompeso.com.br\/index.php\/wp-json\/wp\/v2\/pages"}],"about":[{"href":"https:\/\/www.racoesbompeso.com.br\/index.php\/wp-json\/wp\/v2\/types\/page"}],"author":[{"embeddable":true,"href":"https:\/\/www.racoesbompeso.com.br\/index.php\/wp-json\/wp\/v2\/users\/1"}],"replies":[{"embeddable":true,"href":"https:\/\/www.racoesbompeso.com.br\/index.php\/wp-json\/wp\/v2\/comments?post=619"}],"version-history":[{"count":42,"href":"https:\/\/www.racoesbompeso.com.br\/index.php\/wp-json\/wp\/v2\/pages\/619\/revisions"}],"predecessor-version":[{"id":3367,"href":"https:\/\/www.racoesbompeso.com.br\/index.php\/wp-json\/wp\/v2\/pages\/619\/revisions\/3367"}],"wp:attachment":[{"href":"https:\/\/www.racoesbompeso.com.br\/index.php\/wp-json\/wp\/v2\/media?parent=619"}],"curies":[{"name":"wp","href":"https:\/\/api.w.org\/{rel}","templated":true}]}}